{"id":2428,"date":"2018-05-02T10:41:18","date_gmt":"2018-05-02T08:41:18","guid":{"rendered":"https:\/\/albionmanagement.com\/?page_id=2428"},"modified":"2026-03-23T11:54:10","modified_gmt":"2026-03-23T09:54:10","slug":"contact","status":"publish","type":"page","link":"https:\/\/albionmanagement.com\/en\/contact\/","title":{"rendered":"CONTACT"},"content":{"rendered":"<div class=\"wpb-content-wrapper\"><p>[vc_row gap=&#8221;30&#8243;][vc_column width=&#8221;1\/2&#8243;][vc_column_text]<iframe loading=\"lazy\" style=\"border: 0;\" src=\"https:\/\/www.google.com\/maps\/embed?pb=!1m18!1m12!1m3!1d2993.318782469374!2d2.1695317!3d41.3888829!2m3!1f0!2f0!3f0!3m2!1i1024!2i768!4f13.1!3m3!1m2!1s0x12a4a2f228660b1d%3A0xb69fc8711e961778!2sPasseig%20de%20Gr%C3%A0cia%2C%206%2C%2008007%20Barcelona!5e0!3m2!1ses!2ses!4v1695816556412!5m2!1ses!2ses\" width=\"600\" height=\"450\" allowfullscreen=\"allowfullscreen\"><\/iframe>[\/vc_column_text][\/vc_column][vc_column width=&#8221;1\/2&#8243;][vc_text_separator title=&#8221;OUR OFFICES&#8221; title_align=&#8221;separator_align_left&#8221; align=&#8221;align_right&#8221; color=&#8221;custom&#8221; accent_color=&#8221;#880d11&#8243;][vc_column_text]<strong>BARCELONA<\/strong><br \/>\n<i class=\"fas fa-map-marker-alt\" style=\"color: #880d11;\"><\/i> Paseo de Gracia 6, 4o 1a, 08007 Barcelona ESPA\u00d1A<\/p>\n<p><strong>MADRID<\/strong><br \/>\nC. de Alfonso XII, 62, 2nd Floor, Retiro, 28014 Madrid ESPA\u00d1A<\/p>\n<p><strong>LISBOA<\/strong><br \/>\n<i class=\"fas fa-map-marker-alt\" style=\"color: #880d11;\"><\/i> Pra\u00e7a Marqu\u00eas de Pombal, 14, 1250-162 Lisboa PORTUGAL<\/p>\n<p><i class=\"fas fa-phone\" style=\"color: #880d11;\"><\/i> <a style=\"color: #444;\" href=\"callto:\/\/+34935169286\">+34 935 169 286<\/a><br \/>\n<i class=\"fas fa-envelope\" style=\"color: #880d11;\"><\/i> <a style=\"color: #444;\" href=\"mailto:dg@albionmanagement.com\">dg@albionmanagement.com<\/a>[\/vc_column_text][\/vc_column][\/vc_row]<\/p>\n<\/div>","protected":false},"excerpt":{"rendered":"<p>[vc_row gap=&#8221;30&#8243;][vc_column width=&#8221;1\/2&#8243;][vc_column_text][\/vc_column_text][\/vc_column][vc_column width=&#8221;1\/2&#8243;][vc_text_separator title=&#8221;OUR OFFICES&#8221; title_align=&#8221;separator_align_left&#8221; align=&#8221;align_right&#8221; color=&#8221;custom&#8221; accent_color=&#8221;#880d11&#8243;][vc_column_text]BARCELONA Paseo de Gracia 6, 4o 1a, 08007 Barcelona ESPA\u00d1A MADRID C. de Alfonso XII, 62, 2nd Floor, Retiro, 28014 Madrid ESPA\u00d1A LISBOA Pra\u00e7a Marqu\u00eas de Pombal, 14, 1250-162 Lisboa PORTUGAL +34 935 169 286 dg@albionmanagement.com[\/vc_column_text][\/vc_column][\/vc_row]<\/p>\n","protected":false},"author":1,"featured_media":0,"parent":0,"menu_order":6,"comment_status":"closed","ping_status":"closed","template":"","meta":{"footnotes":""},"_links":{"self":[{"href":"https:\/\/albionmanagement.com\/en\/wp-json\/wp\/v2\/pages\/2428"}],"collection":[{"href":"https:\/\/albionmanagement.com\/en\/wp-json\/wp\/v2\/pages"}],"about":[{"href":"https:\/\/albionmanagement.com\/en\/wp-json\/wp\/v2\/types\/page"}],"author":[{"embeddable":true,"href":"https:\/\/albionmanagement.com\/en\/wp-json\/wp\/v2\/users\/1"}],"replies":[{"embeddable":true,"href":"https:\/\/albionmanagement.com\/en\/wp-json\/wp\/v2\/comments?post=2428"}],"version-history":[{"count":17,"href":"https:\/\/albionmanagement.com\/en\/wp-json\/wp\/v2\/pages\/2428\/revisions"}],"predecessor-version":[{"id":4624,"href":"https:\/\/albionmanagement.com\/en\/wp-json\/wp\/v2\/pages\/2428\/revisions\/4624"}],"wp:attachment":[{"href":"https:\/\/albionmanagement.com\/en\/wp-json\/wp\/v2\/media?parent=2428"}],"curies":[{"name":"wp","href":"https:\/\/api.w.org\/{rel}","templated":true}]}}